{"id":105,"date":"2018-09-05T16:57:23","date_gmt":"2018-09-05T16:57:23","guid":{"rendered":"http:\/\/c3.usac.edu.gt\/cema.usac.edu.gt\/public_html\/?page_id=105"},"modified":"2018-10-23T00:02:51","modified_gmt":"2018-10-23T00:02:51","slug":"instituto-de-investigaciones-hidrobiologicas","status":"publish","type":"page","link":"https:\/\/cema.usac.edu.gt\/index.php\/instituto-de-investigaciones-hidrobiologicas\/","title":{"rendered":"Instituto de Investigaciones Hidrobiol\u00f3gicas -IIH-"},"content":{"rendered":"<p>El Instituto de Investigaciones Hidrobiol\u00f3gicas, es el encargado de promover, organizar, dirigir, coordinar y evaluar las funciones de:<\/p>\n<ol>\n<li>Vinculaci\u00f3n con la sociedad<\/li>\n<li>Investigaci\u00f3n<\/li>\n<li>Gesti\u00f3n de recursos internos y externos para la investigaci\u00f3n<\/li>\n<li>Extensi\u00f3n y servicio<\/li>\n<li>Innovaciones tecnol\u00f3gica<\/li>\n<\/ol>\n<p>&nbsp;<\/p>\n<p><em><strong>MISI\u00d3N<\/strong><\/em><\/p>\n<p>El Instituto de Investigaciones Hidrobiol\u00f3gicas es una entidad del Centro de Estudios del Mar y Acuicultura, donde se genera ciencia y tecnolog\u00eda a trav\u00e9s de la vinculaci\u00f3n con entidades p\u00fablicas y privadas nacionales e internacionales; en respuesta a demandas sociales referidas a la integraci\u00f3n de los sistemas naturales y recursos humanos. Mantiene un desempe\u00f1o de excelencia con la constante generaci\u00f3n de productos cient\u00edficos a trav\u00e9s del postgrado, consultor\u00edas, trabajos investigativos as\u00ed como el fomento de la actividad hidrobiol\u00f3gica.<\/p>\n<p>&nbsp;<\/p>\n<p><em><strong>LINEAS DE INVESTIGACI\u00d3N<\/strong><\/em><\/p>\n<p>Ser una instituci\u00f3n de investigaci\u00f3n sistem\u00e1tica, y profesional en el an\u00e1lisis y soluci\u00f3n de la problem\u00e1tica de los recursos naturales hidrobiol\u00f3gicos de la regi\u00f3n a trav\u00e9s de la investigaci\u00f3n cient\u00edfica y tecnol\u00f3gica, la capacitaci\u00f3n, la asesor\u00eda, el fomento, informes y proposiciones sobre situaciones coyunturales.<\/p>\n<p>&nbsp;<\/p>\n<p><em><strong>FINES:<\/strong><\/em><\/p>\n<p>Desarrollar y promover la investigaci\u00f3n y generar evidencia cient\u00edfica con el fin de aplicarla a nivel nacional y regional<\/p>\n<p>&nbsp;<\/p>\n<p><em><strong>OBJETIVOS<\/strong><\/em><\/p>\n<ol>\n<li>Participar en el an\u00e1lisis y priorizaci\u00f3n de los problemas nacionales<\/li>\n<li>Promover y coordinar el financiamiento de investigaciones y su socializaci\u00f3n<\/li>\n<\/ol>\n<p>&nbsp;<\/p>\n<p><strong><em>EJES TEM\u00c1TICOS DE TRABAJO\u00a0<\/em><\/strong><\/p>\n<p>PRODUCCI\u00d3N PESQUERA Y ACU\u00cdCOLA<\/p>\n<ul>\n<li>Ordenamiento pesquero<\/li>\n<li>Aprovechamiento<\/li>\n<li>Monitoreo<\/li>\n<li>Impacto de la actividad<\/li>\n<li>Capturas incidentales<\/li>\n<li>Oceanograf\u00eda<\/li>\n<li>Valoraci\u00f3n<\/li>\n<\/ul>\n<p>ACUICULTURA<\/p>\n<ul>\n<li>Producci\u00f3n<\/li>\n<li>Diversificaci\u00f3n<\/li>\n<li>Nutrici\u00f3n y alimentaci\u00f3n<\/li>\n<li>Sanidad y bioseguridad<\/li>\n<\/ul>\n<p>ORGANIZACI\u00d3N Y FORTALECIMIENTO ASOCIATIVO GREMIAL EMPRESARIAL<\/p>\n<ul>\n<li>Cadenas productivas y organizaci\u00f3n gremial<\/li>\n<\/ul>\n<p>SOBERAN\u00cdA, SEGURIDAD ALIMENTARIA Y NUTRICIONAL<\/p>\n<ul>\n<li>Disponibilidad de alimentos de origen hidrobiol\u00f3gico<\/li>\n<\/ul>\n<p>RECURSOS HIDROBIOL\u00d3GICOS Y AMBIENTE<\/p>\n<ul>\n<li>Ecosistemas acu\u00e1ticos<\/li>\n<li>Ecosistemas marino-costeros<\/li>\n<li>Ecosistemas de agua dulce<\/li>\n<li>Biodiversidad<\/li>\n<li>Gesti\u00f3n ambiental\n<ul>\n<li>Manejo sostenible de los ecosistemas acu\u00e1ticos<\/li>\n<li>Valoraci\u00f3n econ\u00f3mica de los bienes y servicios de los ecosistemas<\/li>\n<li>Ordenamiento territorial y estudio de las intervenciones antropog\u00e9nicas en los ecosistemas acu\u00e1ticos<\/li>\n<\/ul>\n<\/li>\n<li>Manejo integral del agua\n<ul>\n<li>Valor de uso del agua<\/li>\n<li>Calidad y cantidad del agua<\/li>\n<li>Contaminaci\u00f3n del agua<\/li>\n<\/ul>\n<\/li>\n<\/ul>\n<p>CAMBIO CLIM\u00c1TICO<\/p>\n<ul>\n<li>Resiliencia en ecosistemas acu\u00e1ticos<\/li>\n<li>Vulnerabilidad de los ecosistemas acu\u00e1ticos con respecto del cambio clim\u00e1tico<\/li>\n<li>Mitigaci\u00f3n y adaptaci\u00f3n a los eventos clim\u00e1ticos en los ecosistemas acu\u00e1ticos y productivos<\/li>\n<\/ul>\n<p>INNOVACI\u00d3N Y DESARROLLO TECNOL\u00d3GICO EN PESCA Y ACUICULTURA<\/p>\n<ul>\n<li>Tecnolog\u00eda y transformaci\u00f3n\n<ul>\n<li>Aprovechamiento de productos y sub-productos derivados de pesca u acuicultura.<\/li>\n<li>Tecnolog\u00eda para cultivar especies nativas y de inter\u00e9s comercial.<\/li>\n<li>Tecnolog\u00edas para dar valor agregado a los productos hidrobiol\u00f3gicos.<\/li>\n<li>Comercializaci\u00f3n de productos hidrobiol\u00f3gicos.<\/li>\n<\/ul>\n<\/li>\n<li>Estudios de mercado para productos hidrobiol\u00f3gicos.\n<ul>\n<li>Certificaci\u00f3n de Productos Hidrobiol\u00f3gicos.<\/li>\n<li>Formaci\u00f3n de recursos humanos<\/li>\n<li>Investigaci\u00f3n curricular<\/li>\n<\/ul>\n<\/li>\n<li>Estudios de demanda de formaci\u00f3n profesional\n<ul>\n<li>Asistencia t\u00e9cnica, transferencia y desarrollo tecnol\u00f3gico.<\/li>\n<li>Estudios de demanda de asistencia t\u00e9cnica, transferencia y desarrollo tecnol\u00f3gico.<\/li>\n<\/ul>\n<\/li>\n<\/ul>\n<h2>Horario de atenci\u00f3n<\/h2>\n<p>Lunes a viernes, de 7:00 a 15:00 horas<\/p>\n<h2>Consultas e informaci\u00f3n<\/h2>\n<p>Coordinador: Ing. Pedro Julio Garc\u00eda<\/p>\n<p>Tel\u00e9fono 2418-8381<\/p>\n<p>E-mail: pjuliogarcia@gmail.com<\/p>\n<p>&nbsp;<\/p>\n","protected":false},"excerpt":{"rendered":"<p>El Instituto de Investigaciones Hidrobiol\u00f3gicas, es el encargado de promover, organizar, dirigir, coordinar y evaluar las funciones de: Vinculaci\u00f3n con la sociedad Investigaci\u00f3n Gesti\u00f3n de recursos internos y externos para la investigaci\u00f3n Extensi\u00f3n y servicio Innovaciones tecnol\u00f3gica &nbsp; MISI\u00d3N El<\/p>\n","protected":false},"author":1,"featured_media":0,"parent":0,"menu_order":0,"comment_status":"closed","ping_status":"closed","template":"","meta":{"footnotes":""},"class_list":["post-105","page","type-page","status-publish","hentry"],"_links":{"self":[{"href":"https:\/\/cema.usac.edu.gt\/index.php\/wp-json\/wp\/v2\/pages\/105","targetHints":{"allow":["GET"]}}],"collection":[{"href":"https:\/\/cema.usac.edu.gt\/index.php\/wp-json\/wp\/v2\/pages"}],"about":[{"href":"https:\/\/cema.usac.edu.gt\/index.php\/wp-json\/wp\/v2\/types\/page"}],"author":[{"embeddable":true,"href":"https:\/\/cema.usac.edu.gt\/index.php\/wp-json\/wp\/v2\/users\/1"}],"replies":[{"embeddable":true,"href":"https:\/\/cema.usac.edu.gt\/index.php\/wp-json\/wp\/v2\/comments?post=105"}],"version-history":[{"count":4,"href":"https:\/\/cema.usac.edu.gt\/index.php\/wp-json\/wp\/v2\/pages\/105\/revisions"}],"predecessor-version":[{"id":181,"href":"https:\/\/cema.usac.edu.gt\/index.php\/wp-json\/wp\/v2\/pages\/105\/revisions\/181"}],"wp:attachment":[{"href":"https:\/\/cema.usac.edu.gt\/index.php\/wp-json\/wp\/v2\/media?parent=105"}],"curies":[{"name":"wp","href":"https:\/\/api.w.org\/{rel}","templated":true}]}}