{"id":133,"date":"2018-09-19T17:12:21","date_gmt":"2018-09-19T17:12:21","guid":{"rendered":"http:\/\/c3.usac.edu.gt\/cema.usac.edu.gt\/public_html\/?page_id=133"},"modified":"2018-10-23T01:10:51","modified_gmt":"2018-10-23T01:10:51","slug":"primer-ingreso","status":"publish","type":"page","link":"https:\/\/cema.usac.edu.gt\/index.php\/primer-ingreso\/","title":{"rendered":"Primer Ingreso"},"content":{"rendered":"<h5>Paso 1<\/h5>\n<p>Haz tu examen vocacional:\u00a0<a href=\"http:\/\/vocacional.usac.edu.gt\/\">http:\/\/vocacional.usac.edu.gt\/<\/a><\/p>\n<h5>Paso 2<\/h5>\n<p>Haz tus pruebas de conocimiento b\u00e1sico: <a href=\"http:\/\/nuevos.usac.edu.gt\/\">http:\/\/nuevos.usac.edu.gt\/\u00a0<\/a><\/p>\n<p>Para ingresar al CEMA debes aprobar las pruebas b\u00e1sicas de: matem\u00e1tica y lenguaje<\/p>\n<h5>Paso 3<\/h5>\n<p>Asignate la prueba espec\u00edfica en CEMA: ciudad universitaria, Edificio T-14, zona 12, espec\u00edficamente en Biblioteca CEMA con la Sra. Adela P\u00e9rez.<\/p>\n<p>Para asignarte debes presentar:<\/p>\n<ul>\n<li>Carne de orientaci\u00f3n vocacional<\/li>\n<li>Copa de dpi y<\/li>\n<li>Constancia de conocimientos b\u00e1sicos.<\/li>\n<\/ul>\n<p>Pregunta por las fechas de asignaci\u00f3n al whats app: 4123-2024 o al tel\u00e9fono 2418-8381.<\/p>\n<h5>Paso 4<\/h5>\n<p>Realiza la prueba espec\u00edfica.\u00a0 \u00a0Es una evaluaci\u00f3n de psicomotricidad gruesa, en donde el fin es que conozcas de manera pr\u00e1ctica a la carrera y tengas contacto con organismos acu\u00e1ticos, por lo tanto, nos trasladamos a la estaci\u00f3n experimental en Monterrico.\u00a0 Horario: 7:00 a 15:00 horas. Debes llevar: zapatos y ropa c\u00f3moda, gorra de sol, protector solar, un cuaderno y lapicero para anotar y alimentaci\u00f3n.<\/p>\n<h5>Paso 5<\/h5>\n<p>A los 8 d\u00edas de realizada la prueba espec\u00edfica, puedes visitarnos en el edificio T-14, en horario de 7:00 a 15:00 horas para obtener tu constancia de la prueba espec\u00edfica.\u00a0 Al haber aprobado dicha prueba, puedes iniciar el proceso de inscripci\u00f3n.<\/p>\n<p><img loading=\"lazy\" decoding=\"async\" class=\" wp-image-191 aligncenter\" src=\"http:\/\/c3.usac.edu.gt\/cema.usac.edu.gt\/public_html\/wp-content\/uploads\/2018\/10\/WhatsApp-Image-2018-10-16-at-9.49.10-AM-300x225.jpeg\" alt=\"\" width=\"644\" height=\"483\" srcset=\"https:\/\/cema.usac.edu.gt\/wp-content\/uploads\/2018\/10\/WhatsApp-Image-2018-10-16-at-9.49.10-AM-300x225.jpeg 300w, https:\/\/cema.usac.edu.gt\/wp-content\/uploads\/2018\/10\/WhatsApp-Image-2018-10-16-at-9.49.10-AM-768x576.jpeg 768w, https:\/\/cema.usac.edu.gt\/wp-content\/uploads\/2018\/10\/WhatsApp-Image-2018-10-16-at-9.49.10-AM-1024x768.jpeg 1024w, https:\/\/cema.usac.edu.gt\/wp-content\/uploads\/2018\/10\/WhatsApp-Image-2018-10-16-at-9.49.10-AM.jpeg 1040w\" sizes=\"auto, (max-width: 644px) 100vw, 644px\" \/><\/p>\n","protected":false},"excerpt":{"rendered":"<p>Paso 1 Haz tu examen vocacional:\u00a0http:\/\/vocacional.usac.edu.gt\/ Paso 2 Haz tus pruebas de conocimiento b\u00e1sico: http:\/\/nuevos.usac.edu.gt\/\u00a0 Para ingresar al CEMA debes aprobar las pruebas b\u00e1sicas de: matem\u00e1tica y lenguaje Paso 3 Asignate la prueba espec\u00edfica en CEMA: ciudad universitaria, Edificio T-14,<\/p>\n","protected":false},"author":1,"featured_media":0,"parent":0,"menu_order":0,"comment_status":"closed","ping_status":"closed","template":"","meta":{"footnotes":""},"class_list":["post-133","page","type-page","status-publish","hentry"],"_links":{"self":[{"href":"https:\/\/cema.usac.edu.gt\/index.php\/wp-json\/wp\/v2\/pages\/133","targetHints":{"allow":["GET"]}}],"collection":[{"href":"https:\/\/cema.usac.edu.gt\/index.php\/wp-json\/wp\/v2\/pages"}],"about":[{"href":"https:\/\/cema.usac.edu.gt\/index.php\/wp-json\/wp\/v2\/types\/page"}],"author":[{"embeddable":true,"href":"https:\/\/cema.usac.edu.gt\/index.php\/wp-json\/wp\/v2\/users\/1"}],"replies":[{"embeddable":true,"href":"https:\/\/cema.usac.edu.gt\/index.php\/wp-json\/wp\/v2\/comments?post=133"}],"version-history":[{"count":9,"href":"https:\/\/cema.usac.edu.gt\/index.php\/wp-json\/wp\/v2\/pages\/133\/revisions"}],"predecessor-version":[{"id":194,"href":"https:\/\/cema.usac.edu.gt\/index.php\/wp-json\/wp\/v2\/pages\/133\/revisions\/194"}],"wp:attachment":[{"href":"https:\/\/cema.usac.edu.gt\/index.php\/wp-json\/wp\/v2\/media?parent=133"}],"curies":[{"name":"wp","href":"https:\/\/api.w.org\/{rel}","templated":true}]}}