{"id":139,"date":"2018-09-19T17:31:02","date_gmt":"2018-09-19T17:31:02","guid":{"rendered":"http:\/\/c3.usac.edu.gt\/cema.usac.edu.gt\/public_html\/?page_id=139"},"modified":"2018-10-18T21:17:40","modified_gmt":"2018-10-18T21:17:40","slug":"maestrias","status":"publish","type":"page","link":"https:\/\/cema.usac.edu.gt\/index.php\/maestrias\/","title":{"rendered":"Maestr\u00edas"},"content":{"rendered":"<p>Maestr\u00eda en Ciencias Marinas y Costeras<\/p>\n<p>Es un programa de postgrado con un enfoque hol\u00edstico e integrador ligado al desarrollo social y al aprovechamiento sustentable de los recursos, al desarrollo cient\u00edfico tecnol\u00f3gico a trav\u00e9s de la investigaci\u00f3n cient\u00edfica, el aprendizaje aut\u00f3nomo y la actitud cr\u00edtica.<\/p>\n<p>&nbsp;<\/p>\n<p>Objetivos<\/p>\n<ul>\n<li>Formar maestros en ciencias con una preparaci\u00f3n acad\u00e9mica integral, rigurosa y s\u00f3lida en su campo de conocimiento a trav\u00e9s de la investigaci\u00f3n original en ciencias costeras y marinas como estrategia formativa<\/li>\n<li>Preparar al estudiante para desarrollarse en la producci\u00f3n y\/o conservaci\u00f3n\u00a0 espec\u00edficamente en ambientes marino costeros aplicando la \u00e9tica y respeto en el uso sostenible de los recursos naturales como una contribuci\u00f3n al resguardo de los recursos para las generaciones futuras.<\/li>\n<\/ul>\n","protected":false},"excerpt":{"rendered":"<p>Maestr\u00eda en Ciencias Marinas y Costeras Es un programa de postgrado con un enfoque hol\u00edstico e integrador ligado al desarrollo social y al aprovechamiento sustentable de los recursos, al desarrollo cient\u00edfico tecnol\u00f3gico a trav\u00e9s de la investigaci\u00f3n cient\u00edfica, el aprendizaje<\/p>\n","protected":false},"author":1,"featured_media":0,"parent":0,"menu_order":0,"comment_status":"closed","ping_status":"closed","template":"","meta":{"footnotes":""},"class_list":["post-139","page","type-page","status-publish","hentry"],"_links":{"self":[{"href":"https:\/\/cema.usac.edu.gt\/index.php\/wp-json\/wp\/v2\/pages\/139","targetHints":{"allow":["GET"]}}],"collection":[{"href":"https:\/\/cema.usac.edu.gt\/index.php\/wp-json\/wp\/v2\/pages"}],"about":[{"href":"https:\/\/cema.usac.edu.gt\/index.php\/wp-json\/wp\/v2\/types\/page"}],"author":[{"embeddable":true,"href":"https:\/\/cema.usac.edu.gt\/index.php\/wp-json\/wp\/v2\/users\/1"}],"replies":[{"embeddable":true,"href":"https:\/\/cema.usac.edu.gt\/index.php\/wp-json\/wp\/v2\/comments?post=139"}],"version-history":[{"count":3,"href":"https:\/\/cema.usac.edu.gt\/index.php\/wp-json\/wp\/v2\/pages\/139\/revisions"}],"predecessor-version":[{"id":179,"href":"https:\/\/cema.usac.edu.gt\/index.php\/wp-json\/wp\/v2\/pages\/139\/revisions\/179"}],"wp:attachment":[{"href":"https:\/\/cema.usac.edu.gt\/index.php\/wp-json\/wp\/v2\/media?parent=139"}],"curies":[{"name":"wp","href":"https:\/\/api.w.org\/{rel}","templated":true}]}}