{"id":146,"date":"2018-09-19T17:35:07","date_gmt":"2018-09-19T17:35:07","guid":{"rendered":"http:\/\/c3.usac.edu.gt\/cema.usac.edu.gt\/public_html\/?page_id=146"},"modified":"2018-10-23T03:31:32","modified_gmt":"2018-10-23T03:31:32","slug":"laboratorio-de-sanidad-acuicola","status":"publish","type":"page","link":"https:\/\/cema.usac.edu.gt\/index.php\/laboratorio-de-sanidad-acuicola\/","title":{"rendered":"Laboratorio de Sanidad Acu\u00edcola"},"content":{"rendered":"<p style=\"text-align: left;\">El Laboratorio de Sanidad Acu\u00edcola del Centro de Estudios del Mar y Acuicultura fue creado con financiamiento del Banco Centroamericano de Integraci\u00f3n Econ\u00f3mica \u2013BCIE- en el a\u00f1o 2009.\u00a0 Es el ente\u00a0 encargado de brindar los servicios de diagn\u00f3stico y asesor\u00eda en el \u00e1rea de sanidad acu\u00edcola y an\u00e1lisis de residuos en productos hidrobiol\u00f3gicos, as\u00ed como fortalecer la\u00a0 docencia e investigaci\u00f3n del CEMA.<\/p>\n<p style=\"text-align: left;\"><strong><em>Misi\u00f3n<\/em><\/strong><\/p>\n<ul style=\"text-align: left;\">\n<li>Brindar servicios de calidad y confiables en las \u00e1reas de diagn\u00f3stico de enfermedades, sanidad acu\u00edcola y an\u00e1lisis de residuos en sedimentos de estanques, agua, productos hidrobiol\u00f3gicos e insumos para la acuicultura.<\/li>\n<li><strong>\u00a0<\/strong>Fortalecer la docencia e investigaci\u00f3n del CEMA y contribuir con el trabajo de entidades y personas ligadas al manejo y aprovechamiento de los recursos hidrobiol\u00f3gicos del pa\u00eds.<\/li>\n<\/ul>\n<p style=\"text-align: left;\"><strong>\u00a0<\/strong><\/p>\n<p style=\"text-align: left;\"><strong>\u00a0<\/strong><strong><em>Visi\u00f3n<\/em><\/strong><\/p>\n<ul style=\"text-align: left;\">\n<li>Ser reconocidos como un laboratorio de referencia en el \u00e1rea de sanidad acu\u00edcola y superar las expectativas de nuestros clientes en el \u00e1rea de an\u00e1lisis de residuos.<\/li>\n<li>Constituirnos en el principal v\u00ednculo entre el sector camaronero de exportaci\u00f3n y el Centro de Estudios del Mar y Acuicultura \u2013CEMA-, a trav\u00e9s de la prestaci\u00f3n de servicios oportunos, confiables y de calidad.<\/li>\n<\/ul>\n<p style=\"text-align: left;\">El Laboratorio de Sanidad Acu\u00edcola se encuentra dividido en dos \u00e1reas: patolog\u00eda y residuos.\u00a0\u00a0 En el \u00e1rea de patolog\u00eda se encuentran las sub-\u00e1reas: sanitaria, microbiolog\u00eda y biolog\u00eda molecular.\u00a0 El \u00e1rea de residuos se divide en las \u00e1reas: absorci\u00f3n at\u00f3mica y cromatograf\u00eda l\u00edquida.<\/p>\n<p style=\"text-align: left;\"><strong><em>Servicios:<\/em><\/strong><\/p>\n<p style=\"text-align: left;\">Todos los m\u00e9todos de an\u00e1lisis empleados han sido implementados y verificados para las condiciones del laboratorio.\u00a0 Los servicios que se ofrecen son:<\/p>\n<ul style=\"text-align: left;\">\n<li>An\u00e1lisis de porcentaje de humedad (materia seca) en sedimento, camar\u00f3n y pescado<\/li>\n<li>Porcentaje de ceniza en camar\u00f3n \u00f3 pescado<\/li>\n<li>An\u00e1lisis microbiol\u00f3gico de productos procesados: recuento total de bacterias, coliformes totales, coliformes fecales.<\/li>\n<li>An\u00e1lisis microbiol\u00f3gico para diagn\u00f3stico de enfermedades en peces y camarones<\/li>\n<li>Hematolog\u00eda de peces, incluyendo determinaci\u00f3n del hematocrito y an\u00e1lisis de frotis de sangre te\u00f1idos (30 muestras)<\/li>\n<li>Determinaci\u00f3n de la composici\u00f3n porcentual por sexos de alevines de tilapia (muestra de 50 alevines)<\/li>\n<li>Patolog\u00eda de peces y camarones (a partir de muestras fijadas por el cliente)<\/li>\n<li>An\u00e1lisis general del estado de salud de muestras de camarones y peces<\/li>\n<li>Diagn\u00f3stico de enfermedades virales y bacterianas en camarones por medio de PCR (seg\u00fan disponibilidad del reactivo): WSSV, TSV, IHHNV, YHV, IMNV, NHPB, EMS, PvNV, MrNV.<\/li>\n<li>An\u00e1lisis de metales pesados en agua: cobre, cadmio, plomo y ars\u00e9nico<\/li>\n<li>An\u00e1lisis de metales pesados en musculo de camar\u00f3n y pescado: cobre, cadmio, plomo, ars\u00e9nico.<\/li>\n<\/ul>\n<p><em><strong>ARANCELES<\/strong><\/em><\/p>\n<p><a href=\"http:\/\/c3.usac.edu.gt\/cema.usac.edu.gt\/public_html\/wp-content\/uploads\/2018\/10\/ARANCELES-LSA.pdf\">ARANCELES LSA}<\/a><\/p>\n<p style=\"text-align: left;\"><strong><em>Ubicaci\u00f3n y Horario de atenci\u00f3n: <\/em><\/strong><\/p>\n<p style=\"text-align: left;\">Edificio T-14, ciudad universitaria, zona 12.<\/p>\n<p style=\"text-align: left;\">Lunes a viernes de 7:00 a 15:00 horas<\/p>\n<p><strong><em>Informaci\u00f3n de contacto:<\/em><\/strong><\/p>\n<p>M.Sc. Carolina Marroqu\u00edn\u00a0\u00a0\u00a0\u00a0\u00a0\u00a0\u00a0\u00a0\u00a0\u00a0\u00a0\u00a0\u00a0\u00a0\u00a0\u00a0\u00a0\u00a0\u00a0\u00a0\u00a0\u00a0\u00a0\u00a0\u00a0\u00a0 Licda. Doris Garc\u00eda\u00a0\u00a0\u00a0\u00a0\u00a0\u00a0\u00a0\u00a0\u00a0\u00a0\u00a0\u00a0\u00a0\u00a0\u00a0\u00a0\u00a0\u00a0\u00a0\u00a0\u00a0\u00a0\u00a0\u00a0\u00a0 M.Sc. Josu\u00e9 Garc\u00eda<\/p>\n<p><a href=\"mailto:marroquin.dcarolina@yahoo.com\">marroquin.dcarolina@yahoo.com<\/a> \u00a0\u00a0\u00a0\u00a0\u00a0\u00a0\u00a0\u00a0\u00a0 <a href=\"mailto:vivi_513@hotmail.com\">vivi_513@hotmail.com<\/a> \u00a0\u00a0\u00a0\u00a0\u00a0\u00a0\u00a0\u00a0\u00a0\u00a0\u00a0\u00a0\u00a0\u00a0\u00a0 <a href=\"mailto:josgar85@yahoo.com\">josgar85@yahoo.com<\/a><\/p>\n<p>&nbsp;<\/p>\n","protected":false},"excerpt":{"rendered":"<p>El Laboratorio de Sanidad Acu\u00edcola del Centro de Estudios del Mar y Acuicultura fue creado con financiamiento del Banco Centroamericano de Integraci\u00f3n Econ\u00f3mica \u2013BCIE- en el a\u00f1o 2009.\u00a0 Es el ente\u00a0 encargado de brindar los servicios de diagn\u00f3stico y asesor\u00eda<\/p>\n","protected":false},"author":1,"featured_media":0,"parent":0,"menu_order":0,"comment_status":"closed","ping_status":"closed","template":"","meta":{"footnotes":""},"class_list":["post-146","page","type-page","status-publish","hentry"],"_links":{"self":[{"href":"https:\/\/cema.usac.edu.gt\/index.php\/wp-json\/wp\/v2\/pages\/146","targetHints":{"allow":["GET"]}}],"collection":[{"href":"https:\/\/cema.usac.edu.gt\/index.php\/wp-json\/wp\/v2\/pages"}],"about":[{"href":"https:\/\/cema.usac.edu.gt\/index.php\/wp-json\/wp\/v2\/types\/page"}],"author":[{"embeddable":true,"href":"https:\/\/cema.usac.edu.gt\/index.php\/wp-json\/wp\/v2\/users\/1"}],"replies":[{"embeddable":true,"href":"https:\/\/cema.usac.edu.gt\/index.php\/wp-json\/wp\/v2\/comments?post=146"}],"version-history":[{"count":6,"href":"https:\/\/cema.usac.edu.gt\/index.php\/wp-json\/wp\/v2\/pages\/146\/revisions"}],"predecessor-version":[{"id":218,"href":"https:\/\/cema.usac.edu.gt\/index.php\/wp-json\/wp\/v2\/pages\/146\/revisions\/218"}],"wp:attachment":[{"href":"https:\/\/cema.usac.edu.gt\/index.php\/wp-json\/wp\/v2\/media?parent=146"}],"curies":[{"name":"wp","href":"https:\/\/api.w.org\/{rel}","templated":true}]}}