{"id":22,"date":"2018-08-29T18:28:04","date_gmt":"2018-08-29T18:28:04","guid":{"rendered":"http:\/\/c3.usac.edu.gt\/cema.usac.edu.gt\/public_html\/?page_id=22"},"modified":"2018-08-29T19:03:17","modified_gmt":"2018-08-29T19:03:17","slug":"resena-historica","status":"publish","type":"page","link":"https:\/\/cema.usac.edu.gt\/index.php\/resena-historica\/","title":{"rendered":"Rese\u00f1a Hist\u00f3rica"},"content":{"rendered":"<p>El Centro de Estudios del Mar y Acuicultura CEMA es una Unidad Acad\u00e9mica de la Universidad de San Carlos de Guatemala, que pertenece al programa de Centros Regionales Universitarios.<\/p>\n<p>El 7 de julio de 1976, el Consejo Superior Universitario, seg\u00fan acta No. 24-76, acord\u00f3 que a partir del a\u00f1o 1977, funcionar\u00e1 el Centro Regional del Sur (CUNSUR), ofreciendo entre sus carreras la de T\u00e9cnico en Maricultura y T\u00e9cnico en cultivo de Agua Dulce.<\/p>\n<p>En junio de 1977, El Consejo Superior Universitario aprob\u00f3 la divisi\u00f3n del Centro Universitario del Sur en dos unidades aut\u00f3nomas:<\/p>\n<ul>\n<li>Centro Universitario del sur, cuya sede estar\u00eda ubicada en la Ciudad de Escuintla,<\/li>\n<li>Centro de Estudios del Mar y Acuicultura con sede en la Aldea Monterrico, Taxisco, Santa Rosa, en el que se desarrollar\u00edan las carreras de T\u00e9cnico en Maricultura y T\u00e9cnico en Cultivo de Agua Dulce.<\/li>\n<\/ul>\n<p>En el mes de junio de 1978 se unifican las carreras de T\u00e9cnico en Maricultura y Cultivo de Agua Dulce y se establece la carrera \u00fanica de T\u00e9cnico en Acuicultura.<\/p>\n<p>&nbsp;<\/p>\n<figure id=\"attachment_26\" aria-describedby=\"caption-attachment-26\" style=\"width: 800px\" class=\"wp-caption alignnone\"><img loading=\"lazy\" decoding=\"async\" class=\"size-full wp-image-26\" src=\"http:\/\/c3.usac.edu.gt\/cema.usac.edu.gt\/public_html\/wp-content\/uploads\/2018\/08\/DSC_0702.jpg\" alt=\"\" width=\"800\" height=\"372\" srcset=\"https:\/\/cema.usac.edu.gt\/wp-content\/uploads\/2018\/08\/DSC_0702.jpg 800w, https:\/\/cema.usac.edu.gt\/wp-content\/uploads\/2018\/08\/DSC_0702-300x140.jpg 300w, https:\/\/cema.usac.edu.gt\/wp-content\/uploads\/2018\/08\/DSC_0702-768x357.jpg 768w, https:\/\/cema.usac.edu.gt\/wp-content\/uploads\/2018\/08\/DSC_0702-750x350.jpg 750w, https:\/\/cema.usac.edu.gt\/wp-content\/uploads\/2018\/08\/DSC_0702-642x300.jpg 642w\" sizes=\"auto, (max-width: 800px) 100vw, 800px\" \/><figcaption id=\"caption-attachment-26\" class=\"wp-caption-text\">Fotograf\u00eda: Jorge Maldonado<\/figcaption><\/figure>\n<p>&nbsp;<\/p>\n<p>El CEMA se cre\u00f3 como parte de la pol\u00edtica general de la regionalizaci\u00f3n de la Universidad de San Carlos de Guatemala y de acuerdo a los criterios de las vocaciones agroecol\u00f3gicas de las diferentes regiones del pa\u00eds. Se dictamina su ubicaci\u00f3n en la aldea Monterrico, ubicado entre la costa del Oc\u00e9ano Pac\u00edfico y el Canal de Chiquimulilla, \u00e1rea declarada como zona de reserva.<\/p>\n<p>En el a\u00f1o 1980 egresa la primera y \u00fanica promoci\u00f3n de diez T\u00e9cnicos en Acuicultura. A partir de ese a\u00f1o, el CEMA funcion\u00f3 en la sede del Jard\u00edn Bot\u00e1nico en la ciudad capital, sin desarrollar docencia, atendiendo \u00fanicamente los programas de investigaci\u00f3n en Monterrico, Taxisco y de Extensi\u00f3n en Zunil, Quetzaltenango. En 1985, por Acuerdo de Rector\u00eda, se integra una comisi\u00f3n de reestructura del CEMA y se reinicia la carrera de T\u00e9cnico en Acuicultura en el a\u00f1o 1986, utilizando como sede algunas instalaciones de la Facultad de Medicina Veterinaria y Zootecnia, donde funcion\u00f3 hasta junio de 1998.<\/p>\n<p>Con el objetivo de complementar la formaci\u00f3n de los t\u00e9cnicos a nivel de licenciatura el Consejo Superior Universitaria aprueba la carrera a Nivel de Licenciatura en Acuicultura en el Punto Quinto, del Acta No. 21-89, del 19 de abril de 1989. A partir de julio de 1998, el Centro de Estudios del Mar y Acuicultura, se traslada a su cede principal ubicada en el campus central de la Universidad de San Carlos de Guatemala, disponiendo de infraestructura propia, consistente en un edificio administrativo, un edificio de aulas y un edificio de laboratorios, donde funciona actualmente.<\/p>\n","protected":false},"excerpt":{"rendered":"<p>El Centro de Estudios del Mar y Acuicultura CEMA es una Unidad Acad\u00e9mica de la Universidad de San Carlos de Guatemala, que pertenece al programa de Centros Regionales Universitarios. El 7 de julio de 1976, el Consejo Superior Universitario, seg\u00fan<\/p>\n","protected":false},"author":1,"featured_media":0,"parent":0,"menu_order":3,"comment_status":"closed","ping_status":"closed","template":"","meta":{"footnotes":""},"class_list":["post-22","page","type-page","status-publish","hentry"],"_links":{"self":[{"href":"https:\/\/cema.usac.edu.gt\/index.php\/wp-json\/wp\/v2\/pages\/22","targetHints":{"allow":["GET"]}}],"collection":[{"href":"https:\/\/cema.usac.edu.gt\/index.php\/wp-json\/wp\/v2\/pages"}],"about":[{"href":"https:\/\/cema.usac.edu.gt\/index.php\/wp-json\/wp\/v2\/types\/page"}],"author":[{"embeddable":true,"href":"https:\/\/cema.usac.edu.gt\/index.php\/wp-json\/wp\/v2\/users\/1"}],"replies":[{"embeddable":true,"href":"https:\/\/cema.usac.edu.gt\/index.php\/wp-json\/wp\/v2\/comments?post=22"}],"version-history":[{"count":3,"href":"https:\/\/cema.usac.edu.gt\/index.php\/wp-json\/wp\/v2\/pages\/22\/revisions"}],"predecessor-version":[{"id":28,"href":"https:\/\/cema.usac.edu.gt\/index.php\/wp-json\/wp\/v2\/pages\/22\/revisions\/28"}],"wp:attachment":[{"href":"https:\/\/cema.usac.edu.gt\/index.php\/wp-json\/wp\/v2\/media?parent=22"}],"curies":[{"name":"wp","href":"https:\/\/api.w.org\/{rel}","templated":true}]}}