{"id":220,"date":"2018-10-23T15:21:13","date_gmt":"2018-10-23T15:21:13","guid":{"rendered":"http:\/\/c3.usac.edu.gt\/cema.usac.edu.gt\/public_html\/?page_id=220"},"modified":"2018-10-23T15:43:56","modified_gmt":"2018-10-23T15:43:56","slug":"actividades-extracurriculares","status":"publish","type":"page","link":"https:\/\/cema.usac.edu.gt\/index.php\/actividades-extracurriculares\/","title":{"rendered":"Actividades Extracurriculares"},"content":{"rendered":"<p>Con el objeto de cumplir con una formaci\u00f3n integral, se ha establecido que el estudiante deber\u00e1 completar una serie de actividades extracurriculares, que ser\u00e1n acreditadas ante la Coordinaci\u00f3n Acad\u00e9mica del CEMA, las mismas se har\u00e1n efectivas en diferentes semestres de la carrera, sin embargo, no tendr\u00e1n valor en cr\u00e9ditos acad\u00e9micos. Las actividades extracurriculares se describen a continuaci\u00f3n:<\/p>\n<p><em><strong>Idioma Ingl\u00e9s<\/strong><\/em><\/p>\n<p>Una de las capacidades esperadas del T\u00e9cnico en Acuicultura es poder entender documentos en idioma ingl\u00e9s, lo que obligar\u00e1 al estudiante a matricularse en cursos de \u00e9ste idioma para alcanzar el dominio necesario. \u00c9sta capacidad deber\u00e1 demostrarla mediante la presentaci\u00f3n de una certificaci\u00f3n extendida por la Escuela de Ciencias Ling\u00fc\u00edsticas -ECCLL- de la Universidad de San Carlos de Guatemala, que indique que ha aprobado el nivel VIII; para luego acreditarlo ante la Coordinaci\u00f3n Acad\u00e9mica del CEMA. La acreditaci\u00f3n deber\u00e1 hacerse presentando el certificado correspondiente.<\/p>\n<p>Como alternativa, si el estudiante ya domina dicho idioma o desea estudiarlo en otra instituci\u00f3n ajena a la USAC, tendr\u00e1 la libertad de hacerlo, sin embargo, deber\u00e1 obtener la aprobaci\u00f3n de ECCLL, por lo que deber\u00e1 someterse a una prueba por suficiencia en dicha Escuela para demostrarlo y obtener la constancia respectiva.<\/p>\n<p><em><strong>Nataci\u00f3n:<\/strong> <\/em><\/p>\n<p>Por la naturaleza de la carrera en acuicultura y la relaci\u00f3n estrecha con los diversos cuerpos de agua, es necesario que el estudiante desarrolle la habilidad de nadar en lagos y estanques, as\u00ed como, en aguas abiertas (r\u00edos y mares), ya que se trata de una actividad inherente a la naturaleza de su carrera. Para este fin el estudiante debe avocarse a la Escuela de Ciencia y Tecnolog\u00eda de Actividad F\u00edsica y Deporte ECTAFIDE de la USAC, para inscribirse y asistir a los cursos de nataci\u00f3n necesarios, iniciando durante el primer a\u00f1o de la carrera, para luego acreditarlo ante la Coordinaci\u00f3n Acad\u00e9mica del CEMA. La acreditaci\u00f3n deber\u00e1 hacerse presentando el certificado correspondiente.<\/p>\n<p>Siempre podr\u00e1 practicarlo por su cuenta y luego demostrar por medio de una prueba de ECTAFIDE y obtener la constancia necesaria<\/p>\n","protected":false},"excerpt":{"rendered":"<p>Con el objeto de cumplir con una formaci\u00f3n integral, se ha establecido que el estudiante deber\u00e1 completar una serie de actividades extracurriculares, que ser\u00e1n acreditadas ante la Coordinaci\u00f3n Acad\u00e9mica del CEMA, las mismas se har\u00e1n efectivas en diferentes semestres de<\/p>\n","protected":false},"author":1,"featured_media":0,"parent":0,"menu_order":0,"comment_status":"closed","ping_status":"closed","template":"","meta":{"footnotes":""},"class_list":["post-220","page","type-page","status-publish","hentry"],"_links":{"self":[{"href":"https:\/\/cema.usac.edu.gt\/index.php\/wp-json\/wp\/v2\/pages\/220","targetHints":{"allow":["GET"]}}],"collection":[{"href":"https:\/\/cema.usac.edu.gt\/index.php\/wp-json\/wp\/v2\/pages"}],"about":[{"href":"https:\/\/cema.usac.edu.gt\/index.php\/wp-json\/wp\/v2\/types\/page"}],"author":[{"embeddable":true,"href":"https:\/\/cema.usac.edu.gt\/index.php\/wp-json\/wp\/v2\/users\/1"}],"replies":[{"embeddable":true,"href":"https:\/\/cema.usac.edu.gt\/index.php\/wp-json\/wp\/v2\/comments?post=220"}],"version-history":[{"count":2,"href":"https:\/\/cema.usac.edu.gt\/index.php\/wp-json\/wp\/v2\/pages\/220\/revisions"}],"predecessor-version":[{"id":226,"href":"https:\/\/cema.usac.edu.gt\/index.php\/wp-json\/wp\/v2\/pages\/220\/revisions\/226"}],"wp:attachment":[{"href":"https:\/\/cema.usac.edu.gt\/index.php\/wp-json\/wp\/v2\/media?parent=220"}],"curies":[{"name":"wp","href":"https:\/\/api.w.org\/{rel}","templated":true}]}}