{"id":33,"date":"2018-08-29T19:31:31","date_gmt":"2018-08-29T19:31:31","guid":{"rendered":"http:\/\/c3.usac.edu.gt\/cema.usac.edu.gt\/public_html\/?page_id=33"},"modified":"2018-08-29T19:33:08","modified_gmt":"2018-08-29T19:33:08","slug":"organizacion-academica","status":"publish","type":"page","link":"https:\/\/cema.usac.edu.gt\/index.php\/organizacion-academica\/","title":{"rendered":"Organizaci\u00f3n Acad\u00e9mica"},"content":{"rendered":"<p>La estructura organizacional del Centro de Estudios del Mar y Acuicultura, esta definida en el Reglamento General de Centros Universitarios, siendo los \u00f3rganos administrativo-docentes: El Consejo Directivo, la Direcci\u00f3n y la Coordinaci\u00f3n Acad\u00e9mica.<\/p>\n<p>El Consejo Directivo es el organismo administrativo-docente que coordina a nivel local todas las actividades del Centro y le corresponde dictar los lineamientos, reglamentos y normas para la Direcci\u00f3n y Administraci\u00f3n.<\/p>\n<p>La Direcci\u00f3n esta a cargo de un Director, quien es el encargado de ejecutar las decisiones del Consejo Directivo y del Consejo Superior Universitario, vela por el buen cumplimiento de las actividades acad\u00e9micas y administrativas del Centro e informa peri\u00f3dicamente al Consejo Directivo de la marcha de las labores del Centro.<\/p>\n<p>La Coordinaci\u00f3n Acad\u00e9mica esta bajo la responsabilidad de un Coordinador Acad\u00e9mico, es integrada por los Coordinadores de Carrera, \u00c1rea y el Coordinador Acad\u00e9mico, su funci\u00f3n es; planificar, coordinar e impulsar las actividades de docencia, investigaci\u00f3n, extensi\u00f3n y servicio del CEMA, elaborar y proponer los reglamentos relativos a asuntos acad\u00e9micos o docentes y promueve la constante superaci\u00f3n cient\u00edfica y pedag\u00f3gica de los profesores.<\/p>\n<p>La Coordinaci\u00f3n de Carrera, esta bajo la responsabilidad de un Coordinador de Carrera, siendo sus atribuciones: Organizar, coordinar y supervisar la docencia, coordinar y revisar los programas correspondientes de las carreras y proponer al Coordinador Acad\u00e9mico los cambios que estimen necesarios.<\/p>\n<p>&nbsp;<\/p>\n<h4><\/h4>\n","protected":false},"excerpt":{"rendered":"<p>La estructura organizacional del Centro de Estudios del Mar y Acuicultura, esta definida en el Reglamento General de Centros Universitarios, siendo los \u00f3rganos administrativo-docentes: El Consejo Directivo, la Direcci\u00f3n y la Coordinaci\u00f3n Acad\u00e9mica. El Consejo Directivo es el organismo administrativo-docente<\/p>\n","protected":false},"author":1,"featured_media":0,"parent":0,"menu_order":0,"comment_status":"closed","ping_status":"closed","template":"","meta":{"footnotes":""},"class_list":["post-33","page","type-page","status-publish","hentry"],"_links":{"self":[{"href":"https:\/\/cema.usac.edu.gt\/index.php\/wp-json\/wp\/v2\/pages\/33","targetHints":{"allow":["GET"]}}],"collection":[{"href":"https:\/\/cema.usac.edu.gt\/index.php\/wp-json\/wp\/v2\/pages"}],"about":[{"href":"https:\/\/cema.usac.edu.gt\/index.php\/wp-json\/wp\/v2\/types\/page"}],"author":[{"embeddable":true,"href":"https:\/\/cema.usac.edu.gt\/index.php\/wp-json\/wp\/v2\/users\/1"}],"replies":[{"embeddable":true,"href":"https:\/\/cema.usac.edu.gt\/index.php\/wp-json\/wp\/v2\/comments?post=33"}],"version-history":[{"count":2,"href":"https:\/\/cema.usac.edu.gt\/index.php\/wp-json\/wp\/v2\/pages\/33\/revisions"}],"predecessor-version":[{"id":37,"href":"https:\/\/cema.usac.edu.gt\/index.php\/wp-json\/wp\/v2\/pages\/33\/revisions\/37"}],"wp:attachment":[{"href":"https:\/\/cema.usac.edu.gt\/index.php\/wp-json\/wp\/v2\/media?parent=33"}],"curies":[{"name":"wp","href":"https:\/\/api.w.org\/{rel}","templated":true}]}}