{"id":39,"date":"2018-08-29T19:34:05","date_gmt":"2018-08-29T19:34:05","guid":{"rendered":"http:\/\/c3.usac.edu.gt\/cema.usac.edu.gt\/public_html\/?page_id=39"},"modified":"2018-09-19T17:00:16","modified_gmt":"2018-09-19T17:00:16","slug":"servicio-del-centro-de-documentacion","status":"publish","type":"page","link":"https:\/\/cema.usac.edu.gt\/index.php\/servicio-del-centro-de-documentacion\/","title":{"rendered":"Centro de Documentaci\u00f3n e Informaci\u00f3n"},"content":{"rendered":"<p>El Centro de Documentaci\u00f3n esta ubicado en el primer nivel del edificio de aulas, incluye una sala de lectura y consultas, dispone de libros del \u00e1rea general y del \u00e1rea espec\u00edfica, tesis, trabajos de investigaciones, informes de EPS, informes de pasant\u00edas, y revistas especializadas, todo lo anterior relacionado al \u00e1rea de los recursos hidrobiol\u00f3gicos.<\/p>\n<p>&nbsp;<\/p>\n<p>&nbsp;<\/p>\n<h3>Horario de Atenci\u00f3n<\/h3>\n<hr \/>\n<p>De Lunes a Viernes de 7:00 a 15:00 horas.<\/p>\n<p>&nbsp;<\/p>\n<h3>Para Consultas e Informaci\u00f3n<\/h3>\n<hr \/>\n<p>Bibliotecaria Adela Cruz<\/p>\n<p>Tel\u00e9fono 2418-8000 Extensi\u00f3n 1680<\/p>\n<p>e-mail: bibliocemausac@gmail.com<\/p>\n","protected":false},"excerpt":{"rendered":"<p>El Centro de Documentaci\u00f3n esta ubicado en el primer nivel del edificio de aulas, incluye una sala de lectura y consultas, dispone de libros del \u00e1rea general y del \u00e1rea espec\u00edfica, tesis, trabajos de investigaciones, informes de EPS, informes de<\/p>\n","protected":false},"author":1,"featured_media":0,"parent":0,"menu_order":0,"comment_status":"closed","ping_status":"closed","template":"","meta":{"footnotes":""},"class_list":["post-39","page","type-page","status-publish","hentry"],"_links":{"self":[{"href":"https:\/\/cema.usac.edu.gt\/index.php\/wp-json\/wp\/v2\/pages\/39","targetHints":{"allow":["GET"]}}],"collection":[{"href":"https:\/\/cema.usac.edu.gt\/index.php\/wp-json\/wp\/v2\/pages"}],"about":[{"href":"https:\/\/cema.usac.edu.gt\/index.php\/wp-json\/wp\/v2\/types\/page"}],"author":[{"embeddable":true,"href":"https:\/\/cema.usac.edu.gt\/index.php\/wp-json\/wp\/v2\/users\/1"}],"replies":[{"embeddable":true,"href":"https:\/\/cema.usac.edu.gt\/index.php\/wp-json\/wp\/v2\/comments?post=39"}],"version-history":[{"count":4,"href":"https:\/\/cema.usac.edu.gt\/index.php\/wp-json\/wp\/v2\/pages\/39\/revisions"}],"predecessor-version":[{"id":293,"href":"https:\/\/cema.usac.edu.gt\/index.php\/wp-json\/wp\/v2\/pages\/39\/revisions\/293"}],"wp:attachment":[{"href":"https:\/\/cema.usac.edu.gt\/index.php\/wp-json\/wp\/v2\/media?parent=39"}],"curies":[{"name":"wp","href":"https:\/\/api.w.org\/{rel}","templated":true}]}}