{"id":46,"date":"2018-08-29T19:46:35","date_gmt":"2018-08-29T19:46:35","guid":{"rendered":"http:\/\/c3.usac.edu.gt\/cema.usac.edu.gt\/public_html\/?page_id=46"},"modified":"2019-05-23T16:03:06","modified_gmt":"2019-05-23T16:03:06","slug":"tecnico-en-acuicultura","status":"publish","type":"page","link":"https:\/\/cema.usac.edu.gt\/index.php\/tecnico-en-acuicultura\/","title":{"rendered":"T\u00e9cnico en Acuicultura"},"content":{"rendered":"<p>Es el profesional a nivel t\u00e9cnico, orientado a la producci\u00f3n de organismos acu\u00e1ticos de agua dulce, salobre y marina. Sus competencias le permitir\u00e1n contribuir al desarrollo de la acuicultura responsable, monitorear los ecosistemas acu\u00e1ticos contribuyendo a su aprovechamiento y conservaci\u00f3n; manejar aspectos b\u00e1sicos de la actividad pesquera y apoyar el desarrollo de programas de extensi\u00f3n rural en los \u00e1mbitos acu\u00edcola y pesquero.<\/p>\n<p>El T\u00e9cnico Universitario en Acuicultura es el profesional tecnol\u00f3gica y socialmente preparado para operativizar el proceso reproductivo larvario, la siembra, el cultivo, la cosecha y el manejo de postcosecha de productos de especies hidrobiol\u00f3gicos, en especial, piscicultura y camaronicultura, as\u00ed como otras que en un futuro presenten demanda de consumo a nivel comercial o seguridad alimentaria dentro de una visi\u00f3n de acuicultura responsable. Adem\u00e1s posee conocimientos espec\u00edficos sobre registros pesqueros m\u00e9todos y artes de pesca mar\u00edtimos y continentales dentro del marco legal vigente. Su duraci\u00f3n es de 3 a\u00f1os.<\/p>\n<p><a href=\"http:\/\/c3.usac.edu.gt\/cema.usac.edu.gt\/public_html\/wp-content\/uploads\/2018\/10\/Documentos-Taller-11OCT.zip\">Documentos Taller 11OCT<\/a> <a href=\"http:\/\/c3.usac.edu.gt\/cema.usac.edu.gt\/public_html\/wp-content\/uploads\/2018\/10\/Visio-Red-Curricular-2016-T\u00e9cnico-en-Acuicultura-19JUL172.pdf\">Visio-Red Curricular 2016 T\u00e9cnico en Acuicultura 19JUL172<\/a><\/p>\n<h3>Requisitos para la graduaci\u00f3n:<\/h3>\n<p>Como resultado de la Pr\u00e1ctica Profesional Supervisada -PPS-, elaborar\u00e1 un informe escrito, seg\u00fan el normativo espec\u00edfico, para luego entregar dos ejemplares impresos y dos copias digitales en CD del mismo a la Coordinaci\u00f3n Acad\u00e9mica. Este informe constituir\u00e1 su Trabajo de Graduaci\u00f3n.<\/p>\n<p>\u00a0<\/p>\n<h3>Grado y t\u00edtulo que se obtiene:<\/h3>\n<p>Carrera de pregrado: T\u00e9cnico en Acuicultura<\/p>\n<p>T\u00edtulo: T\u00e9cnico en Acuicultura<\/p>\n<p>\u00a0<\/p>\n<h3>Perfil de ingreso:<\/h3>\n<p>El aspirante a estudiar las carreras de CEMA deber\u00e1 responder a las siguientes condiciones:<\/p>\n<ol>\n<li>Conocimientos b\u00e1sicos en sistemas de inform\u00e1tica b\u00e1sica<\/li>\n<li>Conocimientos b\u00e1sicos del idioma ingl\u00e9s.<\/li>\n<li>Conocimientos b\u00e1sicos sobre biolog\u00eda, qu\u00edmica, matem\u00e1tica y lenguaje.<\/li>\n<li>Claridad en su vocaci\u00f3n para ejercer actividades dentro del quehacer de los recursos hidrobiol\u00f3gicos.<\/li>\n<li>Disposici\u00f3n para relacionarse con grupos de diferentes \u00e1mbitos culturales y econ\u00f3micos.<\/li>\n<li>Disposici\u00f3n para la tutela formativa, para la autoformaci\u00f3n y el trabajo en equipo.<\/li>\n<li>Condiciones de salud f\u00edsica y mental adecuadas para desarrollar actividades en ambientes rurales, h\u00famedos, dentro del agua, bajo el sol y nocturnas.<\/li>\n<li>Habilidades ps\u00edquicas, mec\u00e1nicas y vocacionales para cursar carreras universitarias tecnol\u00f3gicas.<\/li>\n<li>Habilidades para la nataci\u00f3n.<\/li>\n<\/ol>\n<p>\u00a0<\/p>\n<h3>Campo de actividad:<\/h3>\n<ol>\n<li>Al egresar, seg\u00fan la carrera, el nuevo profesional estar\u00e1 en capacidad para desarrollarse en:<\/li>\n<li>Unidades de producci\u00f3n acu\u00edcola y pesquera, Centros de Acopio pesqueros y plantas de procesamiento industrial.<\/li>\n<li>Instituciones P\u00fablicas vinculadas a la Administraci\u00f3n de los Recursos Hidrobiol\u00f3gicos.<\/li>\n<li>Empresas privadas vinculadas con actividades Hidrobiol\u00f3gicas.<\/li>\n<li>ONG\u00b4s vinculadas a la protecci\u00f3n y desarrollo sostenible de los espacios acu\u00e1ticos y medio ambiente.<\/li>\n<li>Servicios t\u00e9cnicos de asesor\u00eda y capacitaci\u00f3n.<\/li>\n<li>Apoyo en proyectos de Investigaci\u00f3n y Extensi\u00f3n.<\/li>\n<li>Profesores T\u00e9cnicos y Ayudante de C\u00e1tedra.<\/li>\n<li>Empresas propias.<\/li>\n<\/ol>\n<p>\u00a0<\/p>\n<p>\u00a0<\/p>\n\n\n<div class=\"wp-block-button is-style-squared\"><a class=\"wp-block-button__link has-background has-vivid-cyan-blue-background-color\" href=\"https:\/\/cema.usac.edu.gt\/wp-content\/uploads\/2019\/05\/Pensum-Tecnico-en-Acuicultura-2016.pdf\">Descargar p\u00e9nsum de estudios<\/a><\/div>\n","protected":false},"excerpt":{"rendered":"<p>Es el profesional a nivel t\u00e9cnico, orientado a la producci\u00f3n de organismos acu\u00e1ticos de agua dulce, salobre y marina. Sus competencias le permitir\u00e1n contribuir al desarrollo de la acuicultura responsable, monitorear los ecosistemas acu\u00e1ticos contribuyendo a su aprovechamiento y conservaci\u00f3n;<\/p>\n","protected":false},"author":1,"featured_media":0,"parent":0,"menu_order":0,"comment_status":"closed","ping_status":"closed","template":"","meta":{"footnotes":""},"class_list":["post-46","page","type-page","status-publish","hentry"],"_links":{"self":[{"href":"https:\/\/cema.usac.edu.gt\/index.php\/wp-json\/wp\/v2\/pages\/46","targetHints":{"allow":["GET"]}}],"collection":[{"href":"https:\/\/cema.usac.edu.gt\/index.php\/wp-json\/wp\/v2\/pages"}],"about":[{"href":"https:\/\/cema.usac.edu.gt\/index.php\/wp-json\/wp\/v2\/types\/page"}],"author":[{"embeddable":true,"href":"https:\/\/cema.usac.edu.gt\/index.php\/wp-json\/wp\/v2\/users\/1"}],"replies":[{"embeddable":true,"href":"https:\/\/cema.usac.edu.gt\/index.php\/wp-json\/wp\/v2\/comments?post=46"}],"version-history":[{"count":7,"href":"https:\/\/cema.usac.edu.gt\/index.php\/wp-json\/wp\/v2\/pages\/46\/revisions"}],"predecessor-version":[{"id":271,"href":"https:\/\/cema.usac.edu.gt\/index.php\/wp-json\/wp\/v2\/pages\/46\/revisions\/271"}],"wp:attachment":[{"href":"https:\/\/cema.usac.edu.gt\/index.php\/wp-json\/wp\/v2\/media?parent=46"}],"curies":[{"name":"wp","href":"https:\/\/api.w.org\/{rel}","templated":true}]}}