{"id":88,"date":"2018-09-05T16:26:02","date_gmt":"2018-09-05T16:26:02","guid":{"rendered":"http:\/\/c3.usac.edu.gt\/cema.usac.edu.gt\/public_html\/?page_id=88"},"modified":"2018-10-23T02:01:59","modified_gmt":"2018-10-23T02:01:59","slug":"estacion-experimental-monterrico","status":"publish","type":"page","link":"https:\/\/cema.usac.edu.gt\/index.php\/estacion-experimental-monterrico\/","title":{"rendered":"Estaci\u00f3n Experimental \u00abMonterrico\u00bb"},"content":{"rendered":"<p>&nbsp;<\/p>\n<p><img loading=\"lazy\" decoding=\"async\" class=\" wp-image-196 aligncenter\" src=\"http:\/\/c3.usac.edu.gt\/cema.usac.edu.gt\/public_html\/wp-content\/uploads\/2018\/10\/IMG_20171010_104944-300x225.jpg\" alt=\"\" width=\"563\" height=\"422\" srcset=\"https:\/\/cema.usac.edu.gt\/wp-content\/uploads\/2018\/10\/IMG_20171010_104944-300x225.jpg 300w, https:\/\/cema.usac.edu.gt\/wp-content\/uploads\/2018\/10\/IMG_20171010_104944-768x576.jpg 768w, https:\/\/cema.usac.edu.gt\/wp-content\/uploads\/2018\/10\/IMG_20171010_104944-1024x768.jpg 1024w\" sizes=\"auto, (max-width: 563px) 100vw, 563px\" \/><\/p>\n<p>La Estaci\u00f3n Experimental Monterrico tiene como prop\u00f3sito servir de apoyo en la experimentaci\u00f3n de los distintos cursos de la carrera, propiciando las condiciones reales de campo para que el estudiante tenga la oportunidad de aplicar sus conocimientos, ensayando con cultivos de tilapia, camar\u00f3n, trucha, cangrejos y otras especies, as\u00ed como, con la reproducci\u00f3n, crianza de alevines, larvas y proyectos de investigaci\u00f3n; entre otras actividades.<\/p>\n<p>La Estaci\u00f3n Experimental cuenta con:<\/p>\n<ul>\n<li>Ocho estanques de los cuales 4 se utilizan para el cultivo de tilapia y 4 para el cultivo de camar\u00f3n. El cultivo de camar\u00f3n y tilapia se hace de manera extensiva\/semi-intensiva con pesos promedio de cosecha en tilapia de \u00bd libra-1 libra y en camar\u00f3n pesos promedios de\u00a0 10 a 18 gramos).<\/li>\n<li>14 piletas (12 tienen capacidad volum\u00e9trica de 8 m<sup>3<\/sup> y 2 con capacidad para 48 m<sup>3<\/sup>) para la reproducci\u00f3n y reversi\u00f3n de alevines de tilapia roja.<\/li>\n<li>8 piletas con capacidad de 15 m<sup>3<\/sup> que se usan para experimentos, o bien, para albergar organismos que se utilizar\u00e1n para otros fines de investigaci\u00f3n.<\/li>\n<li>Un laboratorio para la reproducci\u00f3n de camar\u00f3n de agua dulce (Macrobrachium rosembergii).<\/li>\n<li>Dos ranchos en buenas condiciones provistos con camas, cocina y ba\u00f1os para albergar a estudiantes o personas que visiten la Estaci\u00f3n.<\/li>\n<li>Un rancho es el sal\u00f3n de clases o conferencias y es utilizado para pr\u00e1cticas de campo o cursos de capacitaci\u00f3n en diferentes temas.<\/li>\n<li>Un rancho administrativo que incluye cocina, ba\u00f1o y dormitorios.<\/li>\n<li>Un \u00e1rea reservada para el levante de camar\u00f3n marino o alevines de tilapia.<\/li>\n<li>Un \u00e1rea para estudio de cangrejos, la que fue construida a trav\u00e9s de un proyecto cofinanciado por DIGI.<\/li>\n<li>El \u00e1rea de proceso se utiliza para eviscerar tilapia y procesar el camar\u00f3n de cosecha, cuenta con agua dulce, energ\u00eda el\u00e9ctrica y sistema de drenaje en la mesa de trabajo.<\/li>\n<\/ul>\n<h3><\/h3>\n<h3>Ubicaci\u00f3n<\/h3>\n<p>Carretera de Monterrico a Hawai, Km. 149.<\/p>\n<h3>Contacto<\/h3>\n<p>Lic. Carlos Mazariegos<\/p>\n<p>Tel\u00e9fono: (502) 5017-6225<\/p>\n<p>Correo: cmazao@hotmail.com<\/p>\n<p>&nbsp;<\/p>\n","protected":false},"excerpt":{"rendered":"<p>&nbsp; La Estaci\u00f3n Experimental Monterrico tiene como prop\u00f3sito servir de apoyo en la experimentaci\u00f3n de los distintos cursos de la carrera, propiciando las condiciones reales de campo para que el estudiante tenga la oportunidad de aplicar sus conocimientos, ensayando con<\/p>\n","protected":false},"author":1,"featured_media":0,"parent":0,"menu_order":0,"comment_status":"closed","ping_status":"closed","template":"","meta":{"footnotes":""},"class_list":["post-88","page","type-page","status-publish","hentry"],"_links":{"self":[{"href":"https:\/\/cema.usac.edu.gt\/index.php\/wp-json\/wp\/v2\/pages\/88","targetHints":{"allow":["GET"]}}],"collection":[{"href":"https:\/\/cema.usac.edu.gt\/index.php\/wp-json\/wp\/v2\/pages"}],"about":[{"href":"https:\/\/cema.usac.edu.gt\/index.php\/wp-json\/wp\/v2\/types\/page"}],"author":[{"embeddable":true,"href":"https:\/\/cema.usac.edu.gt\/index.php\/wp-json\/wp\/v2\/users\/1"}],"replies":[{"embeddable":true,"href":"https:\/\/cema.usac.edu.gt\/index.php\/wp-json\/wp\/v2\/comments?post=88"}],"version-history":[{"count":10,"href":"https:\/\/cema.usac.edu.gt\/index.php\/wp-json\/wp\/v2\/pages\/88\/revisions"}],"predecessor-version":[{"id":201,"href":"https:\/\/cema.usac.edu.gt\/index.php\/wp-json\/wp\/v2\/pages\/88\/revisions\/201"}],"wp:attachment":[{"href":"https:\/\/cema.usac.edu.gt\/index.php\/wp-json\/wp\/v2\/media?parent=88"}],"curies":[{"name":"wp","href":"https:\/\/api.w.org\/{rel}","templated":true}]}}