{"id":95,"date":"2018-09-05T16:43:15","date_gmt":"2018-09-05T16:43:15","guid":{"rendered":"http:\/\/c3.usac.edu.gt\/cema.usac.edu.gt\/public_html\/?page_id=95"},"modified":"2018-10-23T15:39:40","modified_gmt":"2018-10-23T15:39:40","slug":"postgrado","status":"publish","type":"page","link":"https:\/\/cema.usac.edu.gt\/index.php\/postgrado\/","title":{"rendered":"Postgrado"},"content":{"rendered":"<p>El Departamento de Estudios de Postgrados del Centro de Estudios del Mar y Acuicultura, ofrece programas para la actualizaci\u00f3n de conocimientos, diversificaci\u00f3n de campos de actividad profesional, especializaci\u00f3n de \u00e1reas particulares de las ciencias, la t\u00e9cnica y las humanidades, as\u00ed como la contribuci\u00f3n en formaci\u00f3n de docentes e investigadores a nivel superior.<\/p>\n<p><strong>Objetivos:<\/strong><\/p>\n<ul>\n<li>Implementar programas de postgrado a servicio de todos aquellos profesionales\u00a0 vinculados a la toma de decisiones y manejo de los recursos acu\u00e1ticos y zonas marino costeras de Guatemala.<\/li>\n<li>Formar investigadores de alto nivel acad\u00e9mico para impulsar la investigaci\u00f3n y el desarrollo tecnol\u00f3gico en el sector hidrobiol\u00f3gico, as\u00ed como promover el aprovechamiento sostenible de los recursos naturales asociados a los humedales y zonas marino costeras.<\/li>\n<li>Promover la actualizaci\u00f3n profesional y especializaci\u00f3n de alta calidad acad\u00e9mica.<\/li>\n<\/ul>\n<p><strong>Niveles de formaci\u00f3n:<\/strong><\/p>\n<ul>\n<li>Cursos de Actualizaci\u00f3n Profesional<\/li>\n<li>Maestr\u00edas en Ciencias<\/li>\n<li>Maestr\u00edas en Artes<\/li>\n<li>Doctorados<\/li>\n<\/ul>\n<h2>Contacto<\/h2>\n<p>Horario de atenci\u00f3n &#8211; 7:00 a 15:00 horas<\/p>\n<div>Tel\u00e9fono: 2418-8000<\/div>\n<div>Extensi\u00f3n: 1280<\/div>\n<div>Srita. Michelle Carranza<\/div>\n<p>&nbsp;<\/p>\n","protected":false},"excerpt":{"rendered":"<p>El Departamento de Estudios de Postgrados del Centro de Estudios del Mar y Acuicultura, ofrece programas para la actualizaci\u00f3n de conocimientos, diversificaci\u00f3n de campos de actividad profesional, especializaci\u00f3n de \u00e1reas particulares de las ciencias, la t\u00e9cnica y las humanidades, as\u00ed<\/p>\n","protected":false},"author":1,"featured_media":0,"parent":0,"menu_order":0,"comment_status":"closed","ping_status":"closed","template":"","meta":{"footnotes":""},"class_list":["post-95","page","type-page","status-publish","hentry"],"_links":{"self":[{"href":"https:\/\/cema.usac.edu.gt\/index.php\/wp-json\/wp\/v2\/pages\/95","targetHints":{"allow":["GET"]}}],"collection":[{"href":"https:\/\/cema.usac.edu.gt\/index.php\/wp-json\/wp\/v2\/pages"}],"about":[{"href":"https:\/\/cema.usac.edu.gt\/index.php\/wp-json\/wp\/v2\/types\/page"}],"author":[{"embeddable":true,"href":"https:\/\/cema.usac.edu.gt\/index.php\/wp-json\/wp\/v2\/users\/1"}],"replies":[{"embeddable":true,"href":"https:\/\/cema.usac.edu.gt\/index.php\/wp-json\/wp\/v2\/comments?post=95"}],"version-history":[{"count":6,"href":"https:\/\/cema.usac.edu.gt\/index.php\/wp-json\/wp\/v2\/pages\/95\/revisions"}],"predecessor-version":[{"id":224,"href":"https:\/\/cema.usac.edu.gt\/index.php\/wp-json\/wp\/v2\/pages\/95\/revisions\/224"}],"wp:attachment":[{"href":"https:\/\/cema.usac.edu.gt\/index.php\/wp-json\/wp\/v2\/media?parent=95"}],"curies":[{"name":"wp","href":"https:\/\/api.w.org\/{rel}","templated":true}]}}